{"id":7,"date":"2021-02-19T19:59:44","date_gmt":"2021-02-19T19:59:44","guid":{"rendered":"https:\/\/sesiondiscontinua.com\/?page_id=7"},"modified":"2021-04-09T09:16:06","modified_gmt":"2021-04-09T09:16:06","slug":"acerca-de","status":"publish","type":"page","link":"https:\/\/sesiondiscontinua.com\/?page_id=7","title":{"rendered":"Quienes somos"},"content":{"rendered":"\n<h2>QUI\u00c9NES SOMOS:<\/h2>\n<p>Sesi\u00f3n Discontinua te ofrece criticas de estrenos de cine y entretenimiento: Adem\u00e1s informamos de horarios, tr\u00e1ilers y clips, cr\u00edticas, entrevistas, exclusivas, concursos y mucho mas en nuestras redes sociales! Si deseas ponerte en contacto con nosotros puedes hacerlo haciendo click <a href=\"https:\/\/sesiondiscontinua.com\/?page_id=8\">aqu\u00ed<\/a>.<\/p>\n<h2>EDITORES:<\/h2>\n<p>Redacci\u00f3n: Juan Luis Daza, Juan Jos\u00e9 Pat\u00f3n<\/p>\n<p>Responsable Departamento v\u00eddeo: Roc\u00edo Garc\u00eda P\u00e9rez\u00a0<\/p>\n<p>Responsable Departamento redes: Jusepe Cruz<\/p>\n","protected":false},"excerpt":{"rendered":"<p>QUI\u00c9NES SOMOS: Sesi\u00f3n Discontinua te ofrece criticas de estrenos de cine y entretenimiento: Adem\u00e1s informamos de horarios, tr\u00e1ilers y clips, cr\u00edticas, entrevistas, exclusivas, concursos y mucho mas en nuestras redes sociales! Si deseas ponerte en contacto con nosotros puedes hacerlo haciendo click aqu\u00ed. EDITORES: Redacci\u00f3n: Juan Luis Daza, Juan Jos\u00e9 Pat\u00f3n Responsable Departamento v\u00eddeo: Roc\u00edo &hellip;<br \/><a href=\"https:\/\/sesiondiscontinua.com\/?page_id=7\" class=\"more-link pen_button pen_element_default pen_icon_arrow_double\">Seguir leyendo <span class=\"screen-reader-text\">Quienes somos<\/span><\/a><\/p>\n","protected":false},"author":2,"featured_media":0,"parent":0,"menu_order":0,"comment_status":"closed","ping_status":"closed","template":"","meta":[],"yoast_head":"<!-- This site is optimized with the Yoast SEO plugin v18.4.1 - https:\/\/yoast.com\/wordpress\/plugins\/seo\/ -->\n<title>Quienes somos -<\/title>\n<meta name=\"robots\" content=\"index, follow, max-snippet:-1, max-image-preview:large, max-video-preview:-1\" \/>\n<link rel=\"canonical\" href=\"https:\/\/sesiondiscontinua.com\/?page_id=7\" \/>\n<meta property=\"og:locale\" content=\"es_ES\" \/>\n<meta property=\"og:type\" content=\"article\" \/>\n<meta property=\"og:title\" content=\"Quienes somos -\" \/>\n<meta property=\"og:description\" content=\"QUI\u00c9NES SOMOS: Sesi\u00f3n Discontinua te ofrece criticas de estrenos de cine y entretenimiento: Adem\u00e1s informamos de horarios, tr\u00e1ilers y clips, cr\u00edticas, entrevistas, exclusivas, concursos y mucho mas en nuestras redes sociales! Si deseas ponerte en contacto con nosotros puedes hacerlo haciendo click aqu\u00ed. EDITORES: Redacci\u00f3n: Juan Luis Daza, Juan Jos\u00e9 Pat\u00f3n Responsable Departamento v\u00eddeo: Roc\u00edo &hellip;Seguir leyendo Quienes somos\" \/>\n<meta property=\"og:url\" content=\"https:\/\/sesiondiscontinua.com\/?page_id=7\" \/>\n<meta property=\"article:modified_time\" content=\"2021-04-09T09:16:06+00:00\" \/>\n<meta name=\"twitter:card\" content=\"summary_large_image\" \/>\n<meta name=\"twitter:site\" content=\"@SDiscontinua\" \/>\n<script type=\"application\/ld+json\" class=\"yoast-schema-graph\">{\"@context\":\"https:\/\/schema.org\",\"@graph\":[{\"@type\":\"Organization\",\"@id\":\"https:\/\/sesiondiscontinua.com\/#organization\",\"name\":\"Sesi\u00f3n Discontinua\",\"url\":\"https:\/\/sesiondiscontinua.com\/\",\"sameAs\":[\"https:\/\/www.instagram.com\/sesiondiscontinua\/\",\"https:\/\/www.youtube.com\/channel\/UCTmfy_Jo107fio8v5msSp8A\",\"https:\/\/twitter.com\/SDiscontinua\"],\"logo\":{\"@type\":\"ImageObject\",\"@id\":\"https:\/\/sesiondiscontinua.com\/#logo\",\"inLanguage\":\"es\",\"url\":\"https:\/\/sesiondiscontinua.com\/wp-content\/uploads\/2021\/02\/cropped-sesion-discontinua-nuevo-logo-color.png\",\"contentUrl\":\"https:\/\/sesiondiscontinua.com\/wp-content\/uploads\/2021\/02\/cropped-sesion-discontinua-nuevo-logo-color.png\",\"width\":1920,\"height\":1081,\"caption\":\"Sesi\u00f3n Discontinua\"},\"image\":{\"@id\":\"https:\/\/sesiondiscontinua.com\/#logo\"}},{\"@type\":\"WebSite\",\"@id\":\"https:\/\/sesiondiscontinua.com\/#website\",\"url\":\"https:\/\/sesiondiscontinua.com\/\",\"name\":\"Sesi\u00f3n Discontinua\",\"description\":\"Cine, series, curiosidades y todo lo relacionado con el medio audiovisual.\",\"publisher\":{\"@id\":\"https:\/\/sesiondiscontinua.com\/#organization\"},\"potentialAction\":[{\"@type\":\"SearchAction\",\"target\":{\"@type\":\"EntryPoint\",\"urlTemplate\":\"https:\/\/sesiondiscontinua.com\/?s={search_term_string}\"},\"query-input\":\"required name=search_term_string\"}],\"inLanguage\":\"es\"},{\"@type\":\"WebPage\",\"@id\":\"https:\/\/sesiondiscontinua.com\/?page_id=7#webpage\",\"url\":\"https:\/\/sesiondiscontinua.com\/?page_id=7\",\"name\":\"Quienes somos -\",\"isPartOf\":{\"@id\":\"https:\/\/sesiondiscontinua.com\/#website\"},\"datePublished\":\"2021-02-19T19:59:44+00:00\",\"dateModified\":\"2021-04-09T09:16:06+00:00\",\"breadcrumb\":{\"@id\":\"https:\/\/sesiondiscontinua.com\/?page_id=7#breadcrumb\"},\"inLanguage\":\"es\",\"potentialAction\":[{\"@type\":\"ReadAction\",\"target\":[\"https:\/\/sesiondiscontinua.com\/?page_id=7\"]}]},{\"@type\":\"BreadcrumbList\",\"@id\":\"https:\/\/sesiondiscontinua.com\/?page_id=7#breadcrumb\",\"itemListElement\":[{\"@type\":\"ListItem\",\"position\":1,\"name\":\"Portada\",\"item\":\"https:\/\/sesiondiscontinua.com\/\"},{\"@type\":\"ListItem\",\"position\":2,\"name\":\"Quienes somos\"}]}]}<\/script>\n<!-- \/ Yoast SEO plugin. -->","yoast_head_json":{"title":"Quienes somos -","robots":{"index":"index","follow":"follow","max-snippet":"max-snippet:-1","max-image-preview":"max-image-preview:large","max-video-preview":"max-video-preview:-1"},"canonical":"https:\/\/sesiondiscontinua.com\/?page_id=7","og_locale":"es_ES","og_type":"article","og_title":"Quienes somos -","og_description":"QUI\u00c9NES SOMOS: Sesi\u00f3n Discontinua te ofrece criticas de estrenos de cine y entretenimiento: Adem\u00e1s informamos de horarios, tr\u00e1ilers y clips, cr\u00edticas, entrevistas, exclusivas, concursos y mucho mas en nuestras redes sociales! Si deseas ponerte en contacto con nosotros puedes hacerlo haciendo click aqu\u00ed. EDITORES: Redacci\u00f3n: Juan Luis Daza, Juan Jos\u00e9 Pat\u00f3n Responsable Departamento v\u00eddeo: Roc\u00edo &hellip;Seguir leyendo Quienes somos","og_url":"https:\/\/sesiondiscontinua.com\/?page_id=7","article_modified_time":"2021-04-09T09:16:06+00:00","twitter_card":"summary_large_image","twitter_site":"@SDiscontinua","schema":{"@context":"https:\/\/schema.org","@graph":[{"@type":"Organization","@id":"https:\/\/sesiondiscontinua.com\/#organization","name":"Sesi\u00f3n Discontinua","url":"https:\/\/sesiondiscontinua.com\/","sameAs":["https:\/\/www.instagram.com\/sesiondiscontinua\/","https:\/\/www.youtube.com\/channel\/UCTmfy_Jo107fio8v5msSp8A","https:\/\/twitter.com\/SDiscontinua"],"logo":{"@type":"ImageObject","@id":"https:\/\/sesiondiscontinua.com\/#logo","inLanguage":"es","url":"https:\/\/sesiondiscontinua.com\/wp-content\/uploads\/2021\/02\/cropped-sesion-discontinua-nuevo-logo-color.png","contentUrl":"https:\/\/sesiondiscontinua.com\/wp-content\/uploads\/2021\/02\/cropped-sesion-discontinua-nuevo-logo-color.png","width":1920,"height":1081,"caption":"Sesi\u00f3n Discontinua"},"image":{"@id":"https:\/\/sesiondiscontinua.com\/#logo"}},{"@type":"WebSite","@id":"https:\/\/sesiondiscontinua.com\/#website","url":"https:\/\/sesiondiscontinua.com\/","name":"Sesi\u00f3n Discontinua","description":"Cine, series, curiosidades y todo lo relacionado con el medio audiovisual.","publisher":{"@id":"https:\/\/sesiondiscontinua.com\/#organization"},"potentialAction":[{"@type":"SearchAction","target":{"@type":"EntryPoint","urlTemplate":"https:\/\/sesiondiscontinua.com\/?s={search_term_string}"},"query-input":"required name=search_term_string"}],"inLanguage":"es"},{"@type":"WebPage","@id":"https:\/\/sesiondiscontinua.com\/?page_id=7#webpage","url":"https:\/\/sesiondiscontinua.com\/?page_id=7","name":"Quienes somos -","isPartOf":{"@id":"https:\/\/sesiondiscontinua.com\/#website"},"datePublished":"2021-02-19T19:59:44+00:00","dateModified":"2021-04-09T09:16:06+00:00","breadcrumb":{"@id":"https:\/\/sesiondiscontinua.com\/?page_id=7#breadcrumb"},"inLanguage":"es","potentialAction":[{"@type":"ReadAction","target":["https:\/\/sesiondiscontinua.com\/?page_id=7"]}]},{"@type":"BreadcrumbList","@id":"https:\/\/sesiondiscontinua.com\/?page_id=7#breadcrumb","itemListElement":[{"@type":"ListItem","position":1,"name":"Portada","item":"https:\/\/sesiondiscontinua.com\/"},{"@type":"ListItem","position":2,"name":"Quienes somos"}]}]}},"_links":{"self":[{"href":"https:\/\/sesiondiscontinua.com\/index.php?rest_route=\/wp\/v2\/pages\/7"}],"collection":[{"href":"https:\/\/sesiondiscontinua.com\/index.php?rest_route=\/wp\/v2\/pages"}],"about":[{"href":"https:\/\/sesiondiscontinua.com\/index.php?rest_route=\/wp\/v2\/types\/page"}],"author":[{"embeddable":true,"href":"https:\/\/sesiondiscontinua.com\/index.php?rest_route=\/wp\/v2\/users\/2"}],"replies":[{"embeddable":true,"href":"https:\/\/sesiondiscontinua.com\/index.php?rest_route=%2Fwp%2Fv2%2Fcomments&post=7"}],"version-history":[{"count":5,"href":"https:\/\/sesiondiscontinua.com\/index.php?rest_route=\/wp\/v2\/pages\/7\/revisions"}],"predecessor-version":[{"id":123,"href":"https:\/\/sesiondiscontinua.com\/index.php?rest_route=\/wp\/v2\/pages\/7\/revisions\/123"}],"wp:attachment":[{"href":"https:\/\/sesiondiscontinua.com\/index.php?rest_route=%2Fwp%2Fv2%2Fmedia&parent=7"}],"curies":[{"name":"wp","href":"https:\/\/api.w.org\/{rel}","templated":true}]}}